{"id":649,"date":"2025-01-28T20:16:53","date_gmt":"2025-01-28T20:16:53","guid":{"rendered":"https:\/\/escuelainfantilcrisoldeamistad.com\/home-2\/"},"modified":"2025-01-28T21:30:20","modified_gmt":"2025-01-28T21:30:20","slug":"home-2","status":"publish","type":"page","link":"https:\/\/escuelainfantilcrisoldeamistad.com\/home\/home-2\/","title":{"rendered":"Home"},"content":{"rendered":"\t\t<div data-elementor-type=\"wp-page\" data-elementor-id=\"649\" class=\"elementor elementor-649\">\n\t\t\t\t<div class=\"elementor-element elementor-element-b5ad9f9 e-flex e-con-boxed e-con e-parent\" data-id=\"b5ad9f9\" data-element_type=\"container\">\n\t\t\t\t\t<div class=\"e-con-inner\">\n\t\t\t\t<div class=\"elementor-element elementor-element-cf720bb elementor-widget elementor-widget-heading\" data-id=\"cf720bb\" data-element_type=\"widget\" data-widget_type=\"heading.default\">\n\t\t\t\t<div class=\"elementor-widget-container\">\n\t\t\t\t\t<h2 class=\"elementor-heading-title elementor-size-default\">Tu centro de educaci\u00f3n infantil en Tenerife<\/h2>\t\t\t\t<\/div>\n\t\t\t\t<\/div>\n\t\t\t\t\t<\/div>\n\t\t\t\t<\/div>\n\t\t<div class=\"elementor-element elementor-element-1271ab9 e-con-full e-flex e-con e-parent\" data-id=\"1271ab9\" data-element_type=\"container\">\n\t\t<div class=\"elementor-element elementor-element-972c5cd e-con-full e-flex e-con e-child\" data-id=\"972c5cd\" data-element_type=\"container\">\n\t\t\t\t<div class=\"elementor-element elementor-element-e698a11 elementor-widget elementor-widget-image\" data-id=\"e698a11\" data-element_type=\"widget\" data-widget_type=\"image.default\">\n\t\t\t\t<div class=\"elementor-widget-container\">\n\t\t\t\t\t\t\t\t\t\t\t\t\t\t\t<img fetchpriority=\"high\" decoding=\"async\" width=\"1192\" height=\"1434\" src=\"https:\/\/escuelainfantilcrisoldeamistad.com\/wp-content\/uploads\/2024\/06\/240795396_3782579085175887_6377093433648498570_n.jpg\" class=\"attachment-1536x1536 size-1536x1536 wp-image-578\" alt=\"\" srcset=\"https:\/\/escuelainfantilcrisoldeamistad.com\/wp-content\/uploads\/2024\/06\/240795396_3782579085175887_6377093433648498570_n.jpg 1192w, https:\/\/escuelainfantilcrisoldeamistad.com\/wp-content\/uploads\/2024\/06\/240795396_3782579085175887_6377093433648498570_n-249x300.jpg 249w, https:\/\/escuelainfantilcrisoldeamistad.com\/wp-content\/uploads\/2024\/06\/240795396_3782579085175887_6377093433648498570_n-851x1024.jpg 851w, https:\/\/escuelainfantilcrisoldeamistad.com\/wp-content\/uploads\/2024\/06\/240795396_3782579085175887_6377093433648498570_n-768x924.jpg 768w\" sizes=\"(max-width: 1192px) 100vw, 1192px\" \/>\t\t\t\t\t\t\t\t\t\t\t\t\t\t\t<\/div>\n\t\t\t\t<\/div>\n\t\t\t\t<\/div>\n\t\t<div class=\"elementor-element elementor-element-a4550e4 e-con-full e-flex e-con e-child\" data-id=\"a4550e4\" data-element_type=\"container\">\n\t\t\t\t<div class=\"elementor-element elementor-element-2f8019a elementor-widget elementor-widget-text-editor\" data-id=\"2f8019a\" data-element_type=\"widget\" data-widget_type=\"text-editor.default\">\n\t\t\t\t<div class=\"elementor-widget-container\">\n\t\t\t\t\t\t\t\t\t<p>En el coraz\u00f3n de Tenerife, llevamos m\u00e1s de 25 a\u00f1os dedicados a la educaci\u00f3n y cuidado de los m\u00e1s peque\u00f1os.<\/p>\n<p>Nuestro compromiso es ofrecer un entorno seguro, afectuoso y estimulante donde cada ni\u00f1o pueda aprender, crecer y desarrollarse al m\u00e1ximo de su potencial.<\/p>\n<p>Contamos con un equipo de profesionales apasionados y un enfoque pedag\u00f3gico adaptado a las necesidades individuales de cada etapa infantil.<\/p>\n<p><strong>\u00a1Acomp\u00e1\u00f1anos en este maravilloso viaje de aprendizaje<\/strong>!<\/p>\t\t\t\t\t\t\t\t<\/div>\n\t\t\t\t<\/div>\n\t\t\t\t<\/div>\n\t\t\t\t<\/div>\n\t\t<div class=\"elementor-element elementor-element-5de72af e-flex e-con-boxed e-con e-parent\" data-id=\"5de72af\" data-element_type=\"container\">\n\t\t\t\t\t<div class=\"e-con-inner\">\n\t\t\t\t\t<\/div>\n\t\t\t\t<\/div>\n\t\t<div class=\"elementor-element elementor-element-378eeb4 e-flex e-con-boxed e-con e-parent\" data-id=\"378eeb4\" data-element_type=\"container\">\n\t\t\t\t\t<div class=\"e-con-inner\">\n\t\t\t\t\t<\/div>\n\t\t\t\t<\/div>\n\t\t\t\t<\/div>\n\t\t","protected":false},"excerpt":{"rendered":"<p>Tu centro de educaci\u00f3n infantil en Tenerife En el coraz\u00f3n de Tenerife, llevamos m\u00e1s de 25 a\u00f1os dedicados a la educaci\u00f3n y cuidado de los m\u00e1s peque\u00f1os. Nuestro compromiso es ofrecer un entorno seguro, afectuoso y estimulante donde cada ni\u00f1o pueda aprender, crecer y desarrollarse al m\u00e1ximo de su potencial. [&hellip;]<\/p>\n","protected":false},"author":1,"featured_media":0,"parent":0,"menu_order":0,"comment_status":"closed","ping_status":"closed","template":"elementor_theme","meta":{"_uag_custom_page_level_css":"","_themeisle_gutenberg_block_has_review":false,"footnotes":""},"class_list":["post-649","page","type-page","status-publish","hentry"],"yoast_head":"<!-- This site is optimized with the Yoast SEO plugin v24.3 - https:\/\/yoast.com\/wordpress\/plugins\/seo\/ -->\n<title>Home - Escuela Infantil Crisol de Amistad<\/title>\n<meta name=\"robots\" content=\"index, follow, max-snippet:-1, max-image-preview:large, max-video-preview:-1\" \/>\n<link rel=\"canonical\" href=\"https:\/\/escuelainfantilcrisoldeamistad.com\/home\/home-2\/\" \/>\n<meta property=\"og:locale\" content=\"en_US\" \/>\n<meta property=\"og:type\" content=\"article\" \/>\n<meta property=\"og:title\" content=\"Home - Escuela Infantil Crisol de Amistad\" \/>\n<meta property=\"og:description\" content=\"Tu centro de educaci\u00f3n infantil en Tenerife En el coraz\u00f3n de Tenerife, llevamos m\u00e1s de 25 a\u00f1os dedicados a la educaci\u00f3n y cuidado de los m\u00e1s peque\u00f1os. Nuestro compromiso es ofrecer un entorno seguro, afectuoso y estimulante donde cada ni\u00f1o pueda aprender, crecer y desarrollarse al m\u00e1ximo de su potencial. [&hellip;]\" \/>\n<meta property=\"og:url\" content=\"https:\/\/escuelainfantilcrisoldeamistad.com\/home\/home-2\/\" \/>\n<meta property=\"og:site_name\" content=\"Escuela Infantil Crisol de Amistad\" \/>\n<meta property=\"article:modified_time\" content=\"2025-01-28T21:30:20+00:00\" \/>\n<meta property=\"og:image\" content=\"https:\/\/escuelainfantilcrisoldeamistad.com\/wp-content\/uploads\/2024\/06\/240795396_3782579085175887_6377093433648498570_n.jpg\" \/>\n\t<meta property=\"og:image:width\" content=\"1192\" \/>\n\t<meta property=\"og:image:height\" content=\"1434\" \/>\n\t<meta property=\"og:image:type\" content=\"image\/jpeg\" \/>\n<meta name=\"twitter:card\" content=\"summary_large_image\" \/>\n<meta name=\"twitter:label1\" content=\"Est. reading time\" \/>\n\t<meta name=\"twitter:data1\" content=\"1 minute\" \/>\n<script type=\"application\/ld+json\" class=\"yoast-schema-graph\">{\"@context\":\"https:\/\/schema.org\",\"@graph\":[{\"@type\":\"WebPage\",\"@id\":\"https:\/\/escuelainfantilcrisoldeamistad.com\/home\/home-2\/\",\"url\":\"https:\/\/escuelainfantilcrisoldeamistad.com\/home\/home-2\/\",\"name\":\"Home - Escuela Infantil Crisol de Amistad\",\"isPartOf\":{\"@id\":\"https:\/\/escuelainfantilcrisoldeamistad.com\/home\/#website\"},\"primaryImageOfPage\":{\"@id\":\"https:\/\/escuelainfantilcrisoldeamistad.com\/home\/home-2\/#primaryimage\"},\"image\":{\"@id\":\"https:\/\/escuelainfantilcrisoldeamistad.com\/home\/home-2\/#primaryimage\"},\"thumbnailUrl\":\"https:\/\/escuelainfantilcrisoldeamistad.com\/wp-content\/uploads\/2024\/06\/240795396_3782579085175887_6377093433648498570_n.jpg\",\"datePublished\":\"2025-01-28T20:16:53+00:00\",\"dateModified\":\"2025-01-28T21:30:20+00:00\",\"breadcrumb\":{\"@id\":\"https:\/\/escuelainfantilcrisoldeamistad.com\/home\/home-2\/#breadcrumb\"},\"inLanguage\":\"en-US\",\"potentialAction\":[{\"@type\":\"ReadAction\",\"target\":[\"https:\/\/escuelainfantilcrisoldeamistad.com\/home\/home-2\/\"]}]},{\"@type\":\"ImageObject\",\"inLanguage\":\"en-US\",\"@id\":\"https:\/\/escuelainfantilcrisoldeamistad.com\/home\/home-2\/#primaryimage\",\"url\":\"https:\/\/escuelainfantilcrisoldeamistad.com\/wp-content\/uploads\/2024\/06\/240795396_3782579085175887_6377093433648498570_n.jpg\",\"contentUrl\":\"https:\/\/escuelainfantilcrisoldeamistad.com\/wp-content\/uploads\/2024\/06\/240795396_3782579085175887_6377093433648498570_n.jpg\"},{\"@type\":\"BreadcrumbList\",\"@id\":\"https:\/\/escuelainfantilcrisoldeamistad.com\/home\/home-2\/#breadcrumb\",\"itemListElement\":[{\"@type\":\"ListItem\",\"position\":1,\"name\":\"Home\",\"item\":\"https:\/\/escuelainfantilcrisoldeamistad.com\/home\/\"},{\"@type\":\"ListItem\",\"position\":2,\"name\":\"Home\"}]},{\"@type\":\"WebSite\",\"@id\":\"https:\/\/escuelainfantilcrisoldeamistad.com\/home\/#website\",\"url\":\"https:\/\/escuelainfantilcrisoldeamistad.com\/home\/\",\"name\":\"Escuela Infantil Crisol de Amistad\",\"description\":\"\",\"publisher\":{\"@id\":\"https:\/\/escuelainfantilcrisoldeamistad.com\/home\/#organization\"},\"potentialAction\":[{\"@type\":\"SearchAction\",\"target\":{\"@type\":\"EntryPoint\",\"urlTemplate\":\"https:\/\/escuelainfantilcrisoldeamistad.com\/home\/?s={search_term_string}\"},\"query-input\":{\"@type\":\"PropertyValueSpecification\",\"valueRequired\":true,\"valueName\":\"search_term_string\"}}],\"inLanguage\":\"en-US\"},{\"@type\":\"Organization\",\"@id\":\"https:\/\/escuelainfantilcrisoldeamistad.com\/home\/#organization\",\"name\":\"Escuela Infantil Crisol de Amistad\",\"url\":\"https:\/\/escuelainfantilcrisoldeamistad.com\/home\/\",\"logo\":{\"@type\":\"ImageObject\",\"inLanguage\":\"en-US\",\"@id\":\"https:\/\/escuelainfantilcrisoldeamistad.com\/home\/#\/schema\/logo\/image\/\",\"url\":\"https:\/\/escuelainfantilcrisoldeamistad.com\/wp-content\/uploads\/2024\/06\/cropped-logoCrisol.png\",\"contentUrl\":\"https:\/\/escuelainfantilcrisoldeamistad.com\/wp-content\/uploads\/2024\/06\/cropped-logoCrisol.png\",\"width\":255,\"height\":105,\"caption\":\"Escuela Infantil Crisol de Amistad\"},\"image\":{\"@id\":\"https:\/\/escuelainfantilcrisoldeamistad.com\/home\/#\/schema\/logo\/image\/\"}}]}<\/script>\n<!-- \/ Yoast SEO plugin. -->","yoast_head_json":{"title":"Home - Escuela Infantil Crisol de Amistad","robots":{"index":"index","follow":"follow","max-snippet":"max-snippet:-1","max-image-preview":"max-image-preview:large","max-video-preview":"max-video-preview:-1"},"canonical":"https:\/\/escuelainfantilcrisoldeamistad.com\/home\/home-2\/","og_locale":"en_US","og_type":"article","og_title":"Home - Escuela Infantil Crisol de Amistad","og_description":"Tu centro de educaci\u00f3n infantil en Tenerife En el coraz\u00f3n de Tenerife, llevamos m\u00e1s de 25 a\u00f1os dedicados a la educaci\u00f3n y cuidado de los m\u00e1s peque\u00f1os. Nuestro compromiso es ofrecer un entorno seguro, afectuoso y estimulante donde cada ni\u00f1o pueda aprender, crecer y desarrollarse al m\u00e1ximo de su potencial. [&hellip;]","og_url":"https:\/\/escuelainfantilcrisoldeamistad.com\/home\/home-2\/","og_site_name":"Escuela Infantil Crisol de Amistad","article_modified_time":"2025-01-28T21:30:20+00:00","og_image":[{"width":1192,"height":1434,"url":"https:\/\/escuelainfantilcrisoldeamistad.com\/wp-content\/uploads\/2024\/06\/240795396_3782579085175887_6377093433648498570_n.jpg","type":"image\/jpeg"}],"twitter_card":"summary_large_image","twitter_misc":{"Est. reading time":"1 minute"},"schema":{"@context":"https:\/\/schema.org","@graph":[{"@type":"WebPage","@id":"https:\/\/escuelainfantilcrisoldeamistad.com\/home\/home-2\/","url":"https:\/\/escuelainfantilcrisoldeamistad.com\/home\/home-2\/","name":"Home - Escuela Infantil Crisol de Amistad","isPartOf":{"@id":"https:\/\/escuelainfantilcrisoldeamistad.com\/home\/#website"},"primaryImageOfPage":{"@id":"https:\/\/escuelainfantilcrisoldeamistad.com\/home\/home-2\/#primaryimage"},"image":{"@id":"https:\/\/escuelainfantilcrisoldeamistad.com\/home\/home-2\/#primaryimage"},"thumbnailUrl":"https:\/\/escuelainfantilcrisoldeamistad.com\/wp-content\/uploads\/2024\/06\/240795396_3782579085175887_6377093433648498570_n.jpg","datePublished":"2025-01-28T20:16:53+00:00","dateModified":"2025-01-28T21:30:20+00:00","breadcrumb":{"@id":"https:\/\/escuelainfantilcrisoldeamistad.com\/home\/home-2\/#breadcrumb"},"inLanguage":"en-US","potentialAction":[{"@type":"ReadAction","target":["https:\/\/escuelainfantilcrisoldeamistad.com\/home\/home-2\/"]}]},{"@type":"ImageObject","inLanguage":"en-US","@id":"https:\/\/escuelainfantilcrisoldeamistad.com\/home\/home-2\/#primaryimage","url":"https:\/\/escuelainfantilcrisoldeamistad.com\/wp-content\/uploads\/2024\/06\/240795396_3782579085175887_6377093433648498570_n.jpg","contentUrl":"https:\/\/escuelainfantilcrisoldeamistad.com\/wp-content\/uploads\/2024\/06\/240795396_3782579085175887_6377093433648498570_n.jpg"},{"@type":"BreadcrumbList","@id":"https:\/\/escuelainfantilcrisoldeamistad.com\/home\/home-2\/#breadcrumb","itemListElement":[{"@type":"ListItem","position":1,"name":"Home","item":"https:\/\/escuelainfantilcrisoldeamistad.com\/home\/"},{"@type":"ListItem","position":2,"name":"Home"}]},{"@type":"WebSite","@id":"https:\/\/escuelainfantilcrisoldeamistad.com\/home\/#website","url":"https:\/\/escuelainfantilcrisoldeamistad.com\/home\/","name":"Escuela Infantil Crisol de Amistad","description":"","publisher":{"@id":"https:\/\/escuelainfantilcrisoldeamistad.com\/home\/#organization"},"potentialAction":[{"@type":"SearchAction","target":{"@type":"EntryPoint","urlTemplate":"https:\/\/escuelainfantilcrisoldeamistad.com\/home\/?s={search_term_string}"},"query-input":{"@type":"PropertyValueSpecification","valueRequired":true,"valueName":"search_term_string"}}],"inLanguage":"en-US"},{"@type":"Organization","@id":"https:\/\/escuelainfantilcrisoldeamistad.com\/home\/#organization","name":"Escuela Infantil Crisol de Amistad","url":"https:\/\/escuelainfantilcrisoldeamistad.com\/home\/","logo":{"@type":"ImageObject","inLanguage":"en-US","@id":"https:\/\/escuelainfantilcrisoldeamistad.com\/home\/#\/schema\/logo\/image\/","url":"https:\/\/escuelainfantilcrisoldeamistad.com\/wp-content\/uploads\/2024\/06\/cropped-logoCrisol.png","contentUrl":"https:\/\/escuelainfantilcrisoldeamistad.com\/wp-content\/uploads\/2024\/06\/cropped-logoCrisol.png","width":255,"height":105,"caption":"Escuela Infantil Crisol de Amistad"},"image":{"@id":"https:\/\/escuelainfantilcrisoldeamistad.com\/home\/#\/schema\/logo\/image\/"}}]}},"uagb_featured_image_src":{"full":false,"thumbnail":false,"medium":false,"medium_large":false,"large":false,"1536x1536":false,"2048x2048":false,"hestia-blog":false},"uagb_author_info":{"display_name":"Miguel","author_link":"https:\/\/escuelainfantilcrisoldeamistad.com\/home\/author\/miguel\/"},"uagb_comment_info":0,"uagb_excerpt":"Tu centro de educaci\u00f3n infantil en Tenerife En el coraz\u00f3n de Tenerife, llevamos m\u00e1s de 25 a\u00f1os dedicados a la educaci\u00f3n y cuidado de los m\u00e1s peque\u00f1os. Nuestro compromiso es ofrecer un entorno seguro, afectuoso y estimulante donde cada ni\u00f1o pueda aprender, crecer y desarrollarse al m\u00e1ximo de su potencial. [&hellip;]","_links":{"self":[{"href":"https:\/\/escuelainfantilcrisoldeamistad.com\/home\/wp-json\/wp\/v2\/pages\/649","targetHints":{"allow":["GET"]}}],"collection":[{"href":"https:\/\/escuelainfantilcrisoldeamistad.com\/home\/wp-json\/wp\/v2\/pages"}],"about":[{"href":"https:\/\/escuelainfantilcrisoldeamistad.com\/home\/wp-json\/wp\/v2\/types\/page"}],"author":[{"embeddable":true,"href":"https:\/\/escuelainfantilcrisoldeamistad.com\/home\/wp-json\/wp\/v2\/users\/1"}],"replies":[{"embeddable":true,"href":"https:\/\/escuelainfantilcrisoldeamistad.com\/home\/wp-json\/wp\/v2\/comments?post=649"}],"version-history":[{"count":4,"href":"https:\/\/escuelainfantilcrisoldeamistad.com\/home\/wp-json\/wp\/v2\/pages\/649\/revisions"}],"predecessor-version":[{"id":659,"href":"https:\/\/escuelainfantilcrisoldeamistad.com\/home\/wp-json\/wp\/v2\/pages\/649\/revisions\/659"}],"wp:attachment":[{"href":"https:\/\/escuelainfantilcrisoldeamistad.com\/home\/wp-json\/wp\/v2\/media?parent=649"}],"curies":[{"name":"wp","href":"https:\/\/api.w.org\/{rel}","templated":true}]}}